{"id":29988,"date":"2024-05-15T19:44:23","date_gmt":"2024-05-15T17:44:23","guid":{"rendered":"https:\/\/hikavisual.es\/?page_id=29988"},"modified":"2024-06-28T20:20:47","modified_gmt":"2024-06-28T18:20:47","slug":"fotografia-de-eventos-culturales","status":"publish","type":"page","link":"https:\/\/hikavisual.es\/en\/fotografia-de-eventos-culturales\/","title":{"rendered":"Fotograf\u00eda de Eventos Culturales"},"content":{"rendered":"\t\t<div data-elementor-type=\"wp-page\" data-elementor-id=\"29988\" class=\"elementor elementor-29988\">\n\t\t\t\t\t\t<section class=\"elementor-section elementor-top-section elementor-element elementor-element-0630a7b elementor-section-full_width elementor-section-height-min-height elementor-section-items-stretch elementor-section-height-default neuron-fixed-no\" data-id=\"0630a7b\" data-element_type=\"section\" data-e-type=\"section\">\n\t\t\t\t\t\t<div class=\"elementor-container elementor-column-gap-no\">\n\t\t\t\t\t<div class=\"elementor-column elementor-col-50 elementor-top-column elementor-element elementor-element-e1c42f4\" data-id=\"e1c42f4\" data-element_type=\"column\" data-e-type=\"column\">\n\t\t\t<div class=\"elementor-widget-wrap elementor-element-populated\">\n\t\t\t\t\t\t<div class=\"elementor-element elementor-element-cc25785 elementor-widget elementor-widget-neuron-media-gallery\" data-id=\"cc25785\" data-element_type=\"widget\" data-e-type=\"widget\" data-widget_type=\"neuron-media-gallery.default\">\n\t\t\t\t<div class=\"elementor-widget-container\">\n\t\t\t\t\t\t\t<div class=\"l-posts-wrapper l-filters-holder l-posts-wrapper--meta-inside\" data-posts=\"cc25785\">\n\t\t\t\t\t\t<div class=\"m-media-gallery m-media-gallery--meta-inside   \">\n\t\t\t\t<div class=\"owl-carousel owl-theme\" id=\"6f4d37e83533129eb149eabcddaeaadf\" data-animation=\"h-fadeInNeuron\" data-wow=\"no\">\n                    <div class=\"m-media-gallery__item wow h-fadeInNeuron \" >\n            <div class=\"o-neuron-hover o-neuron-hover--meta-inside\">\n    <div class=\"o-neuron-hover-holder\">\n        <div class=\"o-neuron-hover-holder__header\">\n            <div class=\"o-neuron-hover-holder__header__media\">\n                <div class=\"h-calculated-image\" style=\"padding-bottom: 66.699219% !important;\"><img fetchpriority=\"high\" decoding=\"async\" width=\"1024\" height=\"683\" src=\"https:\/\/hikavisual.es\/wp-content\/uploads\/2024\/05\/FestivaldeCineEuropeo_Sevilla_\u00a9-HikaVisual_001_.jpg\" class=\"attachment-full size-full\" alt=\"\" srcset=\"https:\/\/hikavisual.es\/wp-content\/uploads\/2024\/05\/FestivaldeCineEuropeo_Sevilla_\u00a9-HikaVisual_001_.jpg 1024w, https:\/\/hikavisual.es\/wp-content\/uploads\/2024\/05\/FestivaldeCineEuropeo_Sevilla_\u00a9-HikaVisual_001_-300x200.jpg 300w, https:\/\/hikavisual.es\/wp-content\/uploads\/2024\/05\/FestivaldeCineEuropeo_Sevilla_\u00a9-HikaVisual_001_-768x512.jpg 768w\" sizes=\"(max-width: 1024px) 100vw, 1024px\" \/><\/div>            <\/div>\n                    <\/div>\n        <div class=\"o-neuron-hover-holder__body d-flex justify-content-center align-items-center\">\n            <div class=\"o-neuron-hover-holder__body__inner\">\n                                            <\/div>\n        <\/div>\n    <\/div>\n<\/div>\n        <\/div>\n                    <div class=\"m-media-gallery__item wow h-fadeInNeuron \" >\n            <div class=\"o-neuron-hover o-neuron-hover--meta-inside\">\n    <div class=\"o-neuron-hover-holder\">\n        <div class=\"o-neuron-hover-holder__header\">\n            <div class=\"o-neuron-hover-holder__header__media\">\n                <div class=\"h-calculated-image\" style=\"padding-bottom: 66.699219% !important;\"><img decoding=\"async\" width=\"1024\" height=\"683\" data-src=\"https:\/\/hikavisual.es\/wp-content\/uploads\/2024\/05\/FestivaldeCineEuropeo_Sevilla_\u00a9-HikaVisual_002_.jpg\" class=\"attachment-full size-full lazyload\" alt=\"\" data-srcset=\"https:\/\/hikavisual.es\/wp-content\/uploads\/2024\/05\/FestivaldeCineEuropeo_Sevilla_\u00a9-HikaVisual_002_.jpg 1024w, https:\/\/hikavisual.es\/wp-content\/uploads\/2024\/05\/FestivaldeCineEuropeo_Sevilla_\u00a9-HikaVisual_002_-300x200.jpg 300w, https:\/\/hikavisual.es\/wp-content\/uploads\/2024\/05\/FestivaldeCineEuropeo_Sevilla_\u00a9-HikaVisual_002_-768x512.jpg 768w\" data-sizes=\"(max-width: 1024px) 100vw, 1024px\" src=\"data:image\/svg+xml;base64,PHN2ZyB3aWR0aD0iMSIgaGVpZ2h0PSIxIiB4bWxucz0iaHR0cDovL3d3dy53My5vcmcvMjAwMC9zdmciPjwvc3ZnPg==\" style=\"--smush-placeholder-width: 1024px; --smush-placeholder-aspect-ratio: 1024\/683;\" \/><\/div>            <\/div>\n                    <\/div>\n        <div class=\"o-neuron-hover-holder__body d-flex justify-content-center align-items-center\">\n            <div class=\"o-neuron-hover-holder__body__inner\">\n                                            <\/div>\n        <\/div>\n    <\/div>\n<\/div>\n        <\/div>\n                    <div class=\"m-media-gallery__item wow h-fadeInNeuron \" >\n            <div class=\"o-neuron-hover o-neuron-hover--meta-inside\">\n    <div class=\"o-neuron-hover-holder\">\n        <div class=\"o-neuron-hover-holder__header\">\n            <div class=\"o-neuron-hover-holder__header__media\">\n                <div class=\"h-calculated-image\" style=\"padding-bottom: 66.699219% !important;\"><img decoding=\"async\" width=\"1024\" height=\"683\" data-src=\"https:\/\/hikavisual.es\/wp-content\/uploads\/2024\/05\/EspacioSacais_ExposicionAlToro_\u00a9-HikaVisual_003_.jpg\" class=\"attachment-full size-full lazyload\" alt=\"\" data-srcset=\"https:\/\/hikavisual.es\/wp-content\/uploads\/2024\/05\/EspacioSacais_ExposicionAlToro_\u00a9-HikaVisual_003_.jpg 1024w, https:\/\/hikavisual.es\/wp-content\/uploads\/2024\/05\/EspacioSacais_ExposicionAlToro_\u00a9-HikaVisual_003_-300x200.jpg 300w, https:\/\/hikavisual.es\/wp-content\/uploads\/2024\/05\/EspacioSacais_ExposicionAlToro_\u00a9-HikaVisual_003_-768x512.jpg 768w\" data-sizes=\"(max-width: 1024px) 100vw, 1024px\" src=\"data:image\/svg+xml;base64,PHN2ZyB3aWR0aD0iMSIgaGVpZ2h0PSIxIiB4bWxucz0iaHR0cDovL3d3dy53My5vcmcvMjAwMC9zdmciPjwvc3ZnPg==\" style=\"--smush-placeholder-width: 1024px; --smush-placeholder-aspect-ratio: 1024\/683;\" \/><\/div>            <\/div>\n                    <\/div>\n        <div class=\"o-neuron-hover-holder__body d-flex justify-content-center align-items-center\">\n            <div class=\"o-neuron-hover-holder__body__inner\">\n                                            <\/div>\n        <\/div>\n    <\/div>\n<\/div>\n        <\/div>\n                    <div class=\"m-media-gallery__item wow h-fadeInNeuron \" >\n            <div class=\"o-neuron-hover o-neuron-hover--meta-inside\">\n    <div class=\"o-neuron-hover-holder\">\n        <div class=\"o-neuron-hover-holder__header\">\n            <div class=\"o-neuron-hover-holder__header__media\">\n                <div class=\"h-calculated-image\" style=\"padding-bottom: 66.699219% !important;\"><img decoding=\"async\" width=\"1024\" height=\"683\" data-src=\"https:\/\/hikavisual.es\/wp-content\/uploads\/2024\/05\/FotografiaPeriodistica_CabalgataValencina_\u00a9-HikaVisual_005_.jpg\" class=\"attachment-full size-full lazyload\" alt=\"\" data-srcset=\"https:\/\/hikavisual.es\/wp-content\/uploads\/2024\/05\/FotografiaPeriodistica_CabalgataValencina_\u00a9-HikaVisual_005_.jpg 1024w, https:\/\/hikavisual.es\/wp-content\/uploads\/2024\/05\/FotografiaPeriodistica_CabalgataValencina_\u00a9-HikaVisual_005_-300x200.jpg 300w, https:\/\/hikavisual.es\/wp-content\/uploads\/2024\/05\/FotografiaPeriodistica_CabalgataValencina_\u00a9-HikaVisual_005_-768x512.jpg 768w\" data-sizes=\"(max-width: 1024px) 100vw, 1024px\" src=\"data:image\/svg+xml;base64,PHN2ZyB3aWR0aD0iMSIgaGVpZ2h0PSIxIiB4bWxucz0iaHR0cDovL3d3dy53My5vcmcvMjAwMC9zdmciPjwvc3ZnPg==\" style=\"--smush-placeholder-width: 1024px; --smush-placeholder-aspect-ratio: 1024\/683;\" \/><\/div>            <\/div>\n                    <\/div>\n        <div class=\"o-neuron-hover-holder__body d-flex justify-content-center align-items-center\">\n            <div class=\"o-neuron-hover-holder__body__inner\">\n                                            <\/div>\n        <\/div>\n    <\/div>\n<\/div>\n        <\/div>\n    <\/div>\n<script type=\"text\/javascript\">\n    jQuery(function ($) {\n        var owl = $('#6f4d37e83533129eb149eabcddaeaadf');\n\n        owl.owlCarousel({\n            items: 1,\n            margin: 10,\n            autoHeight: false,\n            loop: false,\n            mouseDrag: true,\n            touchDrag: true,\n            stagePadding: 0,\n            startPosition: 0,\n            nav: false,\n            navText: [\n                '<svg xmlns=\"http:\/\/www.w3.org\/2000\/svg\" width=\"22\" height=\"22\" viewBox=\"0 0 24 24\" fill=\"none\" stroke=\"currentColor\" stroke-width=\"2\" stroke-linecap=\"round\" stroke-linejoin=\"round\" class=\"feather feather-arrow-left\"><line x1=\"19\" y1=\"12\" x2=\"5\" y2=\"12\"><\/line><polyline points=\"12 19 5 12 12 5\"><\/polyline><\/svg>',\n                '<svg xmlns=\"http:\/\/www.w3.org\/2000\/svg\" width=\"22\" height=\"22\" viewBox=\"0 0 24 24\" fill=\"none\" stroke=\"currentColor\" stroke-width=\"2\" stroke-linecap=\"round\" stroke-linejoin=\"round\" class=\"feather feather-arrow-right\"><line x1=\"5\" y1=\"12\" x2=\"19\" y2=\"12\"><\/line><polyline points=\"12 5 19 12 12 19\"><\/polyline><\/svg>'\n            ],\n            dots: true,\n            autoplay: false,\n            autoplayTimeout: 2000,\n            autoplayHoverPause: false,\n            smartSpeed: 700,\n            responsive:{\n                768:{\n                    items: 2,\n                    margin: 5,\n                    stagePadding: 0                },\n                992:{\n                    items: 1,\n                    margin: 0,\n                    stagePadding: 0                }\n            }\n        });\n    });\n<\/script>\t\t\t<\/div>\n        <\/div>\n        \t\t\t\t<\/div>\n\t\t\t\t<\/div>\n\t\t\t\t\t<\/div>\n\t\t<\/div>\n\t\t\t\t<div class=\"elementor-column elementor-col-50 elementor-top-column elementor-element elementor-element-1ee4f66\" data-id=\"1ee4f66\" data-element_type=\"column\" data-e-type=\"column\">\n\t\t\t<div class=\"elementor-widget-wrap elementor-element-populated\">\n\t\t\t\t\t\t<section class=\"elementor-section elementor-inner-section elementor-element elementor-element-ad45d8f elementor-section-boxed elementor-section-height-default elementor-section-height-default neuron-fixed-no\" data-id=\"ad45d8f\" data-element_type=\"section\" data-e-type=\"section\">\n\t\t\t\t\t\t<div class=\"elementor-container elementor-column-gap-default\">\n\t\t\t\t\t<div class=\"elementor-column elementor-col-100 elementor-inner-column elementor-element elementor-element-db4c5cd\" data-id=\"db4c5cd\" data-element_type=\"column\" data-e-type=\"column\">\n\t\t\t<div class=\"elementor-widget-wrap elementor-element-populated\">\n\t\t\t\t\t\t<div class=\"elementor-element elementor-element-a3c1e7a elementor-widget elementor-widget-heading\" data-id=\"a3c1e7a\" data-element_type=\"widget\" data-e-type=\"widget\" data-widget_type=\"heading.default\">\n\t\t\t\t<div class=\"elementor-widget-container\">\n\t\t\t\t\t<h1 class=\"elementor-heading-title elementor-size-default\">Fotograf\u00eda de Eventos Culturales<\/h1>\t\t\t\t<\/div>\n\t\t\t\t<\/div>\n\t\t\t\t<div class=\"elementor-element elementor-element-85144df elementor-widget elementor-widget-text-editor\" data-id=\"85144df\" data-element_type=\"widget\" data-e-type=\"widget\" data-widget_type=\"text-editor.default\">\n\t\t\t\t<div class=\"elementor-widget-container\">\n\t\t\t\t\t\t\t\t\t<p><span style=\"color: #333333; font-family: Roboto, sans-serif; font-size: 16px; font-style: normal; font-weight: 400;\">Ofrezco servicios de fotograf\u00eda profesional para una amplia variedad de\u00a0<\/span><span style=\"font-family: helvetica, arial, sans-serif; font-weight: 400; font-style: normal; font-size: 16px; color: #333333;\">eventos\u00a0<\/span><span style=\"color: #333333; font-family: Roboto, sans-serif; font-size: 16px; font-style: normal; font-weight: 400;\">culturales, incluyendo festivales, conciertos, exposiciones de arte, ferias y m\u00e1s. Trato de capturar la esencia y la emoci\u00f3n de cada evento, proporcionando im\u00e1genes de alta calidad que reflejan la energ\u00eda y la creatividad de cada ocasi\u00f3n. Ya sea un evento a gran escala o una reuni\u00f3n \u00edntima, estoy preparada para documentar cada detalle con precisi\u00f3n y creatividad.<\/span><\/p>\t\t\t\t\t\t\t\t<\/div>\n\t\t\t\t<\/div>\n\t\t\t\t<div class=\"elementor-element elementor-element-ca8f2f8 elementor-widget elementor-widget-heading\" data-id=\"ca8f2f8\" data-element_type=\"widget\" data-e-type=\"widget\" data-widget_type=\"heading.default\">\n\t\t\t\t<div class=\"elementor-widget-container\">\n\t\t\t\t\t<span class=\"elementor-heading-title elementor-size-default\">Precio: desde 100\u20ac IVA no incl<\/span>\t\t\t\t<\/div>\n\t\t\t\t<\/div>\n\t\t\t\t\t<\/div>\n\t\t<\/div>\n\t\t\t\t\t<\/div>\n\t\t<\/section>\n\t\t\t\t\t<\/div>\n\t\t<\/div>\n\t\t\t\t\t<\/div>\n\t\t<\/section>\n\t\t\t\t<\/div>\n\t\t","protected":false},"excerpt":{"rendered":"<p>Fotograf\u00eda de Eventos Culturales Ofrezco servicios de fotograf\u00eda profesional para una amplia variedad de\u00a0eventos\u00a0culturales, incluyendo festivales, conciertos, exposiciones&#8230;<\/p>","protected":false},"author":2,"featured_media":0,"parent":0,"menu_order":0,"comment_status":"closed","ping_status":"closed","template":"","meta":{"_acf_changed":false,"footnotes":""},"class_list":["post-29988","page","type-page","status-publish","hentry"],"acf":[],"yoast_head":"<!-- This site is optimized with the Yoast SEO plugin v27.4 - https:\/\/yoast.com\/product\/yoast-seo-wordpress\/ -->\n<title>Fotograf\u00eda de Eventos Culturales - Hikavisual<\/title>\n<meta name=\"robots\" content=\"index, follow, max-snippet:-1, max-image-preview:large, max-video-preview:-1\" \/>\n<link rel=\"canonical\" href=\"https:\/\/hikavisual.es\/en\/fotografia-de-eventos-culturales\/\" \/>\n<meta property=\"og:locale\" content=\"en_GB\" \/>\n<meta property=\"og:type\" content=\"article\" \/>\n<meta property=\"og:title\" content=\"Fotograf\u00eda de Eventos Culturales - Hikavisual\" \/>\n<meta property=\"og:description\" content=\"Fotograf\u00eda de Eventos Culturales Ofrezco servicios de fotograf\u00eda profesional para una amplia variedad de\u00a0eventos\u00a0culturales, incluyendo festivales, conciertos, exposiciones...\" \/>\n<meta property=\"og:url\" content=\"https:\/\/hikavisual.es\/en\/fotografia-de-eventos-culturales\/\" \/>\n<meta property=\"og:site_name\" content=\"Hikavisual\" \/>\n<meta property=\"article:modified_time\" content=\"2024-06-28T18:20:47+00:00\" \/>\n<meta name=\"twitter:card\" content=\"summary_large_image\" \/>\n<meta name=\"twitter:label1\" content=\"Estimated reading time\" \/>\n\t<meta name=\"twitter:data1\" content=\"2 minutes\" \/>\n<script type=\"application\/ld+json\" class=\"yoast-schema-graph\">{\"@context\":\"https:\\\/\\\/schema.org\",\"@graph\":[{\"@type\":\"WebPage\",\"@id\":\"https:\\\/\\\/hikavisual.es\\\/fotografia-de-eventos-culturales\\\/\",\"url\":\"https:\\\/\\\/hikavisual.es\\\/fotografia-de-eventos-culturales\\\/\",\"name\":\"Fotograf\u00eda de Eventos Culturales - Hikavisual\",\"isPartOf\":{\"@id\":\"https:\\\/\\\/hikavisual.es\\\/#website\"},\"datePublished\":\"2024-05-15T17:44:23+00:00\",\"dateModified\":\"2024-06-28T18:20:47+00:00\",\"breadcrumb\":{\"@id\":\"https:\\\/\\\/hikavisual.es\\\/fotografia-de-eventos-culturales\\\/#breadcrumb\"},\"inLanguage\":\"en-GB\",\"potentialAction\":[{\"@type\":\"ReadAction\",\"target\":[\"https:\\\/\\\/hikavisual.es\\\/fotografia-de-eventos-culturales\\\/\"]}]},{\"@type\":\"BreadcrumbList\",\"@id\":\"https:\\\/\\\/hikavisual.es\\\/fotografia-de-eventos-culturales\\\/#breadcrumb\",\"itemListElement\":[{\"@type\":\"ListItem\",\"position\":1,\"name\":\"Portada\",\"item\":\"https:\\\/\\\/hikavisual.es\\\/\"},{\"@type\":\"ListItem\",\"position\":2,\"name\":\"Fotograf\u00eda de Eventos Culturales\"}]},{\"@type\":\"WebSite\",\"@id\":\"https:\\\/\\\/hikavisual.es\\\/#website\",\"url\":\"https:\\\/\\\/hikavisual.es\\\/\",\"name\":\"Hikavisual\",\"description\":\"Fotografia y Video Profesional en Sevilla\",\"potentialAction\":[{\"@type\":\"SearchAction\",\"target\":{\"@type\":\"EntryPoint\",\"urlTemplate\":\"https:\\\/\\\/hikavisual.es\\\/?s={search_term_string}\"},\"query-input\":{\"@type\":\"PropertyValueSpecification\",\"valueRequired\":true,\"valueName\":\"search_term_string\"}}],\"inLanguage\":\"en-GB\"}]}<\/script>\n<!-- \/ Yoast SEO plugin. -->","yoast_head_json":{"title":"Fotograf\u00eda de Eventos Culturales - Hikavisual","robots":{"index":"index","follow":"follow","max-snippet":"max-snippet:-1","max-image-preview":"max-image-preview:large","max-video-preview":"max-video-preview:-1"},"canonical":"https:\/\/hikavisual.es\/en\/fotografia-de-eventos-culturales\/","og_locale":"en_GB","og_type":"article","og_title":"Fotograf\u00eda de Eventos Culturales - Hikavisual","og_description":"Fotograf\u00eda de Eventos Culturales Ofrezco servicios de fotograf\u00eda profesional para una amplia variedad de\u00a0eventos\u00a0culturales, incluyendo festivales, conciertos, exposiciones...","og_url":"https:\/\/hikavisual.es\/en\/fotografia-de-eventos-culturales\/","og_site_name":"Hikavisual","article_modified_time":"2024-06-28T18:20:47+00:00","twitter_card":"summary_large_image","twitter_misc":{"Estimated reading time":"2 minutes"},"schema":{"@context":"https:\/\/schema.org","@graph":[{"@type":"WebPage","@id":"https:\/\/hikavisual.es\/fotografia-de-eventos-culturales\/","url":"https:\/\/hikavisual.es\/fotografia-de-eventos-culturales\/","name":"Fotograf\u00eda de Eventos Culturales - Hikavisual","isPartOf":{"@id":"https:\/\/hikavisual.es\/#website"},"datePublished":"2024-05-15T17:44:23+00:00","dateModified":"2024-06-28T18:20:47+00:00","breadcrumb":{"@id":"https:\/\/hikavisual.es\/fotografia-de-eventos-culturales\/#breadcrumb"},"inLanguage":"en-GB","potentialAction":[{"@type":"ReadAction","target":["https:\/\/hikavisual.es\/fotografia-de-eventos-culturales\/"]}]},{"@type":"BreadcrumbList","@id":"https:\/\/hikavisual.es\/fotografia-de-eventos-culturales\/#breadcrumb","itemListElement":[{"@type":"ListItem","position":1,"name":"Portada","item":"https:\/\/hikavisual.es\/"},{"@type":"ListItem","position":2,"name":"Fotograf\u00eda de Eventos Culturales"}]},{"@type":"WebSite","@id":"https:\/\/hikavisual.es\/#website","url":"https:\/\/hikavisual.es\/","name":"Hikavisual","description":"Fotografia y Video Profesional en Sevilla","potentialAction":[{"@type":"SearchAction","target":{"@type":"EntryPoint","urlTemplate":"https:\/\/hikavisual.es\/?s={search_term_string}"},"query-input":{"@type":"PropertyValueSpecification","valueRequired":true,"valueName":"search_term_string"}}],"inLanguage":"en-GB"}]}},"_links":{"self":[{"href":"https:\/\/hikavisual.es\/en\/wp-json\/wp\/v2\/pages\/29988","targetHints":{"allow":["GET"]}}],"collection":[{"href":"https:\/\/hikavisual.es\/en\/wp-json\/wp\/v2\/pages"}],"about":[{"href":"https:\/\/hikavisual.es\/en\/wp-json\/wp\/v2\/types\/page"}],"author":[{"embeddable":true,"href":"https:\/\/hikavisual.es\/en\/wp-json\/wp\/v2\/users\/2"}],"replies":[{"embeddable":true,"href":"https:\/\/hikavisual.es\/en\/wp-json\/wp\/v2\/comments?post=29988"}],"version-history":[{"count":50,"href":"https:\/\/hikavisual.es\/en\/wp-json\/wp\/v2\/pages\/29988\/revisions"}],"predecessor-version":[{"id":30237,"href":"https:\/\/hikavisual.es\/en\/wp-json\/wp\/v2\/pages\/29988\/revisions\/30237"}],"wp:attachment":[{"href":"https:\/\/hikavisual.es\/en\/wp-json\/wp\/v2\/media?parent=29988"}],"curies":[{"name":"wp","href":"https:\/\/api.w.org\/{rel}","templated":true}]}}