{"id":3,"date":"2024-04-25T19:27:42","date_gmt":"2024-04-25T17:27:42","guid":{"rendered":"https:\/\/hikavisual.es\/?page_id=3"},"modified":"2024-05-21T22:45:55","modified_gmt":"2024-05-21T20:45:55","slug":"politica-privacidad","status":"publish","type":"page","link":"https:\/\/hikavisual.es\/en\/politica-privacidad\/","title":{"rendered":"Pol\u00edtica de privacidad"},"content":{"rendered":"<h2 class=\"wp-block-heading\">Qui\u00e9nes somos<\/h2>\n\n\n\n<p>Hika Visual (\u00abnosotros\u00bb, \u00abnuestro\u00bb o \u00abnuestra\u00bb) opera el sitio web https:\/\/hikavisual.es (en adelante, el \u00absitio\u00bb).<\/p>\n\n\n\n<p>Esta p\u00e1gina le informa sobre nuestras pol\u00edticas con respecto a la recopilaci\u00f3n, el uso y la divulgaci\u00f3n de informaci\u00f3n personal cuando utiliza nuestro sitio y sobre las opciones que tiene asociadas a esa informaci\u00f3n.<\/p>\n\n\n\n<p>Utilizamos su informaci\u00f3n para proporcionar y mejorar nuestro servicio. Al utilizar el sitio, usted acepta la recopilaci\u00f3n y el uso de la informaci\u00f3n de acuerdo con esta pol\u00edtica.<\/p>\n\n\n\n<h2 class=\"wp-block-heading\">Recopilaci\u00f3n y Uso de la Informaci\u00f3n<\/h2>\n\n\n\n<p>Recopilamos varios tipos diferentes de informaci\u00f3n con diferentes fines para proporcionar y mejorar nuestro servicio.<\/p>\n\n\n\n<p class=\"has-medium-font-size\"><strong>Datos Personales<\/strong><\/p>\n\n\n\n<p>Al utilizar nuestro sitio, podemos solicitarle que nos proporcione cierta informaci\u00f3n de identificaci\u00f3n personal que puede ser utilizada para contactarlo o identificarlo (\u00abDatos Personales\u00bb). La informaci\u00f3n de identificaci\u00f3n personal puede incluir, entre otras cosas:<\/p>\n\n\n\n<ul class=\"wp-block-list\">\n<li>Nombre y apellidos<\/li>\n\n\n\n<li>Direcci\u00f3n de correo electr\u00f3nico<\/li>\n\n\n\n<li>N\u00famero de tel\u00e9fono<\/li>\n\n\n\n<li>Direcci\u00f3n, Estado, Provincia, C\u00f3digo postal, Ciudad<\/li>\n\n\n\n<li>Cookies y datos de uso<\/li>\n<\/ul>\n\n\n\n<p class=\"has-medium-font-size\"><strong>Datos de Uso<\/strong><\/p>\n\n\n\n<p>Tambi\u00e9n podemos recopilar informaci\u00f3n sobre c\u00f3mo accede y utiliza el sitio (\u00abDatos de Uso\u00bb). Estos Datos de Uso pueden incluir informaci\u00f3n como la direcci\u00f3n del Protocolo de Internet de su ordenador (por ejemplo, direcci\u00f3n IP), tipo de navegador, versi\u00f3n del navegador, las p\u00e1ginas de nuestro sitio que visita, la hora y la fecha de su visita, el tiempo dedicado a esas p\u00e1ginas, identificadores \u00fanicos de dispositivo y otros datos de diagn\u00f3stico.<\/p>\n\n\n\n<h2 class=\"wp-block-heading\">Seguimiento y Cookies de Datos<\/h2>\n\n\n\n<p>Utilizamos cookies y tecnolog\u00edas de seguimiento similares para rastrear la actividad en nuestro sitio y mantener cierta informaci\u00f3n.<\/p>\n\n\n\n<p>Las cookies son archivos con una peque\u00f1a cantidad de datos que pueden incluir un identificador \u00fanico an\u00f3nimo. Las cookies se env\u00edan a su navegador desde un sitio web y se almacenan en su dispositivo. Tambi\u00e9n se utilizan otras tecnolog\u00edas de seguimiento, como balizas, etiquetas y scripts, para recopilar y rastrear informaci\u00f3n y para mejorar y analizar nuestro sitio.<\/p>\n\n\n\n<p>Puede ordenar a su navegador que rechace todas las cookies o que indique cu\u00e1ndo se env\u00eda una cookie. Sin embargo, si no acepta cookies, es posible que no pueda utilizar algunas partes de nuestro sitio.<\/p>\n\n\n\n<h2 class=\"wp-block-heading\">Enlaces a Otros Sitios<\/h2>\n\n\n\n<p>Nuestro servicio puede contener enlaces a otros sitios que no son operados por nosotros. Si hace clic en un enlace de un tercero, ser\u00e1 dirigido al sitio de ese tercero. Le recomendamos encarecidamente que revise la Pol\u00edtica de Privacidad de cada sitio que visite.<\/p>\n\n\n\n<p>No tenemos control ni asumimos responsabilidad alguna por el contenido, las pol\u00edticas de privacidad o las pr\u00e1cticas de sitios o servicios de terceros.<\/p>\n\n\n\n<h2 class=\"wp-block-heading\">Derechos de Autor de las Fotograf\u00edas<\/h2>\n\n\n\n<p>Todas las fotograf\u00edas y otros contenidos visuales presentes en el sitio son propiedad de Hika Visual y est\u00e1n protegidos por las leyes de derechos de autor y otros derechos de propiedad intelectual. Usted no est\u00e1 autorizado a utilizar, copiar, distribuir, transmitir, mostrar, modificar o realizar trabajos derivados de cualquiera de estas im\u00e1genes sin el consentimiento previo por escrito de Hika Visual.<\/p>\n\n\n\n<p>Las fotograf\u00edas publicadas en nuestro sitio no pueden ser descargadas, reproducidas o utilizadas de ninguna manera sin el permiso expl\u00edcito del propietario de los derechos de autor. Cualquier uso no autorizado de estas im\u00e1genes puede violar las leyes de derechos de autor, marcas registradas y otras leyes aplicables y puede dar lugar a sanciones civiles y\/o penales.<\/p>\n\n\n\n<p>Si desea utilizar alguna de nuestras fotograf\u00edas, por favor cont\u00e1ctenos para obtener la autorizaci\u00f3n adecuada.<\/p>\n\n\n\n<h2 class=\"wp-block-heading\">Cambios en la Pol\u00edtica de Privacidad<\/h2>\n\n\n\n<p>Podemos actualizar nuestra Pol\u00edtica de Privacidad de vez en cuando. Le notificaremos sobre cualquier cambio publicando la nueva Pol\u00edtica de Privacidad en esta p\u00e1gina.<\/p>\n\n\n\n<p>Le informaremos por correo electr\u00f3nico y\/o un aviso destacado en nuestro servicio, antes de que el cambio entre en vigor y actualizaremos la \u00abfecha de entrada en vigor\u00bb en la parte superior de esta Pol\u00edtica de Privacidad.<\/p>\n\n\n\n<p>Se le aconseja que revise esta Pol\u00edtica de Privacidad peri\u00f3dicamente para cualquier cambio. Los cambios en esta Pol\u00edtica de Privacidad son efectivos cuando se publican en esta p\u00e1gina.<\/p>\n\n\n\n<h2 class=\"wp-block-heading\">Cont\u00e1ctenos<\/h2>\n\n\n\n<p>Si tiene alguna pregunta sobre esta Pol\u00edtica de Privacidad, por favor cont\u00e1ctenos:<\/p>\n\n\n\n<ul class=\"wp-block-list\">\n<li>Por correo electr\u00f3nico: info@hikavisual.es<\/li>\n\n\n\n<li>Por tel\u00e9fono: +34 640 84 67 93<\/li>\n<\/ul>","protected":false},"excerpt":{"rendered":"<p>Qui\u00e9nes somos Hika Visual (\u00abnosotros\u00bb, \u00abnuestro\u00bb o \u00abnuestra\u00bb) opera el sitio web https:\/\/hikavisual.es (en adelante, el \u00absitio\u00bb). Esta&#8230;<\/p>","protected":false},"author":1,"featured_media":0,"parent":0,"menu_order":0,"comment_status":"closed","ping_status":"closed","template":"","meta":{"_acf_changed":false,"footnotes":""},"class_list":["post-3","page","type-page","status-publish","hentry"],"acf":[],"yoast_head":"<!-- This site is optimized with the Yoast SEO plugin v27.4 - https:\/\/yoast.com\/product\/yoast-seo-wordpress\/ -->\n<title>Pol\u00edtica de privacidad - Hikavisual<\/title>\n<meta name=\"robots\" content=\"index, follow, max-snippet:-1, max-image-preview:large, max-video-preview:-1\" \/>\n<link rel=\"canonical\" href=\"https:\/\/hikavisual.es\/en\/politica-privacidad\/\" \/>\n<meta property=\"og:locale\" content=\"en_GB\" \/>\n<meta property=\"og:type\" content=\"article\" \/>\n<meta property=\"og:title\" content=\"Pol\u00edtica de privacidad - Hikavisual\" \/>\n<meta property=\"og:description\" content=\"Qui\u00e9nes somos Hika Visual (\u00abnosotros\u00bb, \u00abnuestro\u00bb o \u00abnuestra\u00bb) opera el sitio web https:\/\/hikavisual.es (en adelante, el \u00absitio\u00bb). Esta...\" \/>\n<meta property=\"og:url\" content=\"https:\/\/hikavisual.es\/en\/politica-privacidad\/\" \/>\n<meta property=\"og:site_name\" content=\"Hikavisual\" \/>\n<meta property=\"article:modified_time\" content=\"2024-05-21T20:45:55+00:00\" \/>\n<meta name=\"twitter:card\" content=\"summary_large_image\" \/>\n<meta name=\"twitter:label1\" content=\"Estimated reading time\" \/>\n\t<meta name=\"twitter:data1\" content=\"4 minutes\" \/>\n<script type=\"application\/ld+json\" class=\"yoast-schema-graph\">{\"@context\":\"https:\\\/\\\/schema.org\",\"@graph\":[{\"@type\":\"WebPage\",\"@id\":\"https:\\\/\\\/hikavisual.es\\\/politica-privacidad\\\/\",\"url\":\"https:\\\/\\\/hikavisual.es\\\/politica-privacidad\\\/\",\"name\":\"Pol\u00edtica de privacidad - Hikavisual\",\"isPartOf\":{\"@id\":\"https:\\\/\\\/hikavisual.es\\\/#website\"},\"datePublished\":\"2024-04-25T17:27:42+00:00\",\"dateModified\":\"2024-05-21T20:45:55+00:00\",\"breadcrumb\":{\"@id\":\"https:\\\/\\\/hikavisual.es\\\/politica-privacidad\\\/#breadcrumb\"},\"inLanguage\":\"en-GB\",\"potentialAction\":[{\"@type\":\"ReadAction\",\"target\":[\"https:\\\/\\\/hikavisual.es\\\/politica-privacidad\\\/\"]}]},{\"@type\":\"BreadcrumbList\",\"@id\":\"https:\\\/\\\/hikavisual.es\\\/politica-privacidad\\\/#breadcrumb\",\"itemListElement\":[{\"@type\":\"ListItem\",\"position\":1,\"name\":\"Portada\",\"item\":\"https:\\\/\\\/hikavisual.es\\\/\"},{\"@type\":\"ListItem\",\"position\":2,\"name\":\"Pol\u00edtica de privacidad\"}]},{\"@type\":\"WebSite\",\"@id\":\"https:\\\/\\\/hikavisual.es\\\/#website\",\"url\":\"https:\\\/\\\/hikavisual.es\\\/\",\"name\":\"Hikavisual\",\"description\":\"Fotografia y Video Profesional en Sevilla\",\"potentialAction\":[{\"@type\":\"SearchAction\",\"target\":{\"@type\":\"EntryPoint\",\"urlTemplate\":\"https:\\\/\\\/hikavisual.es\\\/?s={search_term_string}\"},\"query-input\":{\"@type\":\"PropertyValueSpecification\",\"valueRequired\":true,\"valueName\":\"search_term_string\"}}],\"inLanguage\":\"en-GB\"}]}<\/script>\n<!-- \/ Yoast SEO plugin. -->","yoast_head_json":{"title":"Pol\u00edtica de privacidad - Hikavisual","robots":{"index":"index","follow":"follow","max-snippet":"max-snippet:-1","max-image-preview":"max-image-preview:large","max-video-preview":"max-video-preview:-1"},"canonical":"https:\/\/hikavisual.es\/en\/politica-privacidad\/","og_locale":"en_GB","og_type":"article","og_title":"Pol\u00edtica de privacidad - Hikavisual","og_description":"Qui\u00e9nes somos Hika Visual (\u00abnosotros\u00bb, \u00abnuestro\u00bb o \u00abnuestra\u00bb) opera el sitio web https:\/\/hikavisual.es (en adelante, el \u00absitio\u00bb). Esta...","og_url":"https:\/\/hikavisual.es\/en\/politica-privacidad\/","og_site_name":"Hikavisual","article_modified_time":"2024-05-21T20:45:55+00:00","twitter_card":"summary_large_image","twitter_misc":{"Estimated reading time":"4 minutes"},"schema":{"@context":"https:\/\/schema.org","@graph":[{"@type":"WebPage","@id":"https:\/\/hikavisual.es\/politica-privacidad\/","url":"https:\/\/hikavisual.es\/politica-privacidad\/","name":"Pol\u00edtica de privacidad - Hikavisual","isPartOf":{"@id":"https:\/\/hikavisual.es\/#website"},"datePublished":"2024-04-25T17:27:42+00:00","dateModified":"2024-05-21T20:45:55+00:00","breadcrumb":{"@id":"https:\/\/hikavisual.es\/politica-privacidad\/#breadcrumb"},"inLanguage":"en-GB","potentialAction":[{"@type":"ReadAction","target":["https:\/\/hikavisual.es\/politica-privacidad\/"]}]},{"@type":"BreadcrumbList","@id":"https:\/\/hikavisual.es\/politica-privacidad\/#breadcrumb","itemListElement":[{"@type":"ListItem","position":1,"name":"Portada","item":"https:\/\/hikavisual.es\/"},{"@type":"ListItem","position":2,"name":"Pol\u00edtica de privacidad"}]},{"@type":"WebSite","@id":"https:\/\/hikavisual.es\/#website","url":"https:\/\/hikavisual.es\/","name":"Hikavisual","description":"Fotografia y Video Profesional en Sevilla","potentialAction":[{"@type":"SearchAction","target":{"@type":"EntryPoint","urlTemplate":"https:\/\/hikavisual.es\/?s={search_term_string}"},"query-input":{"@type":"PropertyValueSpecification","valueRequired":true,"valueName":"search_term_string"}}],"inLanguage":"en-GB"}]}},"_links":{"self":[{"href":"https:\/\/hikavisual.es\/en\/wp-json\/wp\/v2\/pages\/3","targetHints":{"allow":["GET"]}}],"collection":[{"href":"https:\/\/hikavisual.es\/en\/wp-json\/wp\/v2\/pages"}],"about":[{"href":"https:\/\/hikavisual.es\/en\/wp-json\/wp\/v2\/types\/page"}],"author":[{"embeddable":true,"href":"https:\/\/hikavisual.es\/en\/wp-json\/wp\/v2\/users\/1"}],"replies":[{"embeddable":true,"href":"https:\/\/hikavisual.es\/en\/wp-json\/wp\/v2\/comments?post=3"}],"version-history":[{"count":3,"href":"https:\/\/hikavisual.es\/en\/wp-json\/wp\/v2\/pages\/3\/revisions"}],"predecessor-version":[{"id":30098,"href":"https:\/\/hikavisual.es\/en\/wp-json\/wp\/v2\/pages\/3\/revisions\/30098"}],"wp:attachment":[{"href":"https:\/\/hikavisual.es\/en\/wp-json\/wp\/v2\/media?parent=3"}],"curies":[{"name":"wp","href":"https:\/\/api.w.org\/{rel}","templated":true}]}}