{"id":30094,"date":"2024-05-21T22:05:00","date_gmt":"2024-05-21T20:05:00","guid":{"rendered":"https:\/\/hikavisual.es\/?page_id=30094"},"modified":"2024-05-21T22:45:44","modified_gmt":"2024-05-21T20:45:44","slug":"politica-de-cookies","status":"publish","type":"page","link":"https:\/\/hikavisual.es\/en\/politica-de-cookies\/","title":{"rendered":"Pol\u00edtica de Cookies"},"content":{"rendered":"<p>Esta Pol\u00edtica de Cookies explica qu\u00e9 son las cookies y c\u00f3mo Hika Visual (\u00abnosotros\u00bb, \u00abnuestro\u00bb o \u00abnuestra\u00bb) las utiliza en el sitio web https:\/\/hikavisual.es (en adelante, el \u00absitio\u00bb). Lea esta pol\u00edtica para comprender qu\u00e9 tipo de cookies utilizamos, la informaci\u00f3n que recopilamos mediante las cookies y c\u00f3mo se utiliza esa informaci\u00f3n.<\/p>\n\n\n\n<h2 class=\"wp-block-heading\">Qu\u00e9 son las Cookies<\/h2>\n\n\n\n<p>Las cookies son peque\u00f1os archivos de texto que se almacenan en su dispositivo (computadora, tableta o tel\u00e9fono m\u00f3vil) cuando visita un sitio web. Las cookies permiten que el sitio web reconozca su dispositivo y recuerde sus preferencias y acciones (como datos de inicio de sesi\u00f3n, idioma, tama\u00f1o de fuente y otras preferencias de visualizaci\u00f3n) durante un per\u00edodo de tiempo, para que no tenga que volver a configurarlos cada vez que regrese al sitio o navegue de una p\u00e1gina a otra.<\/p>\n\n\n\n<h2 class=\"wp-block-heading\">C\u00f3mo usamos las Cookies<\/h2>\n\n\n\n<p>Utilizamos cookies para diversos fines, entre los que se incluyen:<\/p>\n\n\n\n<ol class=\"wp-block-list\">\n<li><strong>Cookies Esenciales<\/strong>: Estas cookies son necesarias para que el sitio funcione correctamente y no pueden desactivarse en nuestros sistemas. Por lo general, solo se configuran en respuesta a acciones realizadas por usted que equivalen a una solicitud de servicios, como configurar sus preferencias de privacidad, iniciar sesi\u00f3n o completar formularios.<\/li>\n\n\n\n<li><strong>Cookies de Rendimiento<\/strong>: Estas cookies nos permiten contar las visitas y fuentes de tr\u00e1fico, para que podamos medir y mejorar el rendimiento de nuestro sitio. Nos ayudan a saber qu\u00e9 p\u00e1ginas son las m\u00e1s y menos populares y a ver c\u00f3mo los visitantes se mueven por el sitio. Toda la informaci\u00f3n que estas cookies recopilan es agregada y, por lo tanto, an\u00f3nima.<\/li>\n\n\n\n<li><strong>Cookies de Funcionalidad<\/strong>: Estas cookies permiten que el Sitio proporcione una funcionalidad mejorada y personalizaci\u00f3n. Pueden ser establecidas por nosotros o por proveedores externos cuyos servicios hemos a\u00f1adido a nuestras p\u00e1ginas. Si no permite estas cookies, es posible que algunos de estos servicios no funcionen correctamente.<\/li>\n\n\n\n<li><strong>Cookies de Publicidad<\/strong>: Estas cookies pueden ser establecidas a trav\u00e9s de nuestro sitio por nuestros socios publicitarios. Pueden ser utilizadas por esas empresas para construir un perfil de sus intereses y mostrarle anuncios relevantes en otros sitios. No almacenan directamente informaci\u00f3n personal, sino que se basan en la identificaci\u00f3n \u00fanica de su navegador y dispositivo de Internet. Si no permite estas cookies, experimentar\u00e1 menos publicidad dirigida.<\/li>\n<\/ol>\n\n\n\n<h2 class=\"wp-block-heading\">Cookies de Terceros<\/h2>\n\n\n\n<p>En algunos casos, podemos utilizar cookies de terceros, que son cookies proporcionadas por servicios externos que se utilizan en nuestro sitio. Estos terceros pueden recopilar informaci\u00f3n sobre sus actividades en l\u00ednea a lo largo del tiempo y en diferentes sitios web. Por ejemplo, utilizamos Google Analytics para analizar el uso de nuestro sitio y mejorar su rendimiento. Las pol\u00edticas de privacidad de estos terceros se aplicar\u00e1n a sus respectivos servicios.<\/p>\n\n\n\n<h2 class=\"wp-block-heading\">C\u00f3mo controlar las Cookies<\/h2>\n\n\n\n<p>Puede controlar y\/o eliminar las cookies como desee. Para obtener m\u00e1s informaci\u00f3n sobre c\u00f3mo hacerlo, visite aboutcookies.org. Puede eliminar todas las cookies que ya est\u00e1n en su dispositivo y configurar la mayor\u00eda de los navegadores para que no se acepten cookies. Sin embargo, si hace esto, es posible que tenga que ajustar manualmente algunas preferencias cada vez que visite un sitio y que algunos servicios y funcionalidades no funcionen.<\/p>\n\n\n\n<h2 class=\"wp-block-heading\">Cambios en la Pol\u00edtica de Cookies<\/h2>\n\n\n\n<p>Podemos actualizar nuestra Pol\u00edtica de Cookies de vez en cuando para reflejar cambios en nuestras pr\u00e1cticas o por otras razones operativas, legales o regulatorias. Le notificaremos sobre cualquier cambio publicando la nueva Pol\u00edtica de Cookies en esta p\u00e1gina.<\/p>\n\n\n\n<p>Le recomendamos que revise esta Pol\u00edtica de Cookies peri\u00f3dicamente para mantenerse informado sobre nuestro uso de cookies y las tecnolog\u00edas relacionadas.<\/p>\n\n\n\n<h2 class=\"wp-block-heading\">Cont\u00e1ctenos<\/h2>\n\n\n\n<p>Si tiene alguna pregunta sobre esta Pol\u00edtica de Cookies, por favor cont\u00e1ctenos:<\/p>\n\n\n\n<ul class=\"wp-block-list\">\n<li>Por correo electr\u00f3nico: info@hikavisual.es<\/li>\n\n\n\n<li>Por tel\u00e9fono: +34 640 84 67 93<\/li>\n<\/ul>","protected":false},"excerpt":{"rendered":"<p>Esta Pol\u00edtica de Cookies explica qu\u00e9 son las cookies y c\u00f3mo Hika Visual (\u00abnosotros\u00bb, \u00abnuestro\u00bb o \u00abnuestra\u00bb) las&#8230;<\/p>","protected":false},"author":2,"featured_media":0,"parent":0,"menu_order":0,"comment_status":"closed","ping_status":"closed","template":"","meta":{"_acf_changed":false,"footnotes":""},"class_list":["post-30094","page","type-page","status-publish","hentry"],"acf":[],"yoast_head":"<!-- This site is optimized with the Yoast SEO plugin v27.4 - https:\/\/yoast.com\/product\/yoast-seo-wordpress\/ -->\n<title>Pol\u00edtica de Cookies - Hikavisual<\/title>\n<meta name=\"robots\" content=\"index, follow, max-snippet:-1, max-image-preview:large, max-video-preview:-1\" \/>\n<link rel=\"canonical\" href=\"https:\/\/hikavisual.es\/en\/politica-de-cookies\/\" \/>\n<meta property=\"og:locale\" content=\"en_GB\" \/>\n<meta property=\"og:type\" content=\"article\" \/>\n<meta property=\"og:title\" content=\"Pol\u00edtica de Cookies - Hikavisual\" \/>\n<meta property=\"og:description\" content=\"Esta Pol\u00edtica de Cookies explica qu\u00e9 son las cookies y c\u00f3mo Hika Visual (\u00abnosotros\u00bb, \u00abnuestro\u00bb o \u00abnuestra\u00bb) las...\" \/>\n<meta property=\"og:url\" content=\"https:\/\/hikavisual.es\/en\/politica-de-cookies\/\" \/>\n<meta property=\"og:site_name\" content=\"Hikavisual\" \/>\n<meta property=\"article:modified_time\" content=\"2024-05-21T20:45:44+00:00\" \/>\n<meta name=\"twitter:card\" content=\"summary_large_image\" \/>\n<meta name=\"twitter:label1\" content=\"Estimated reading time\" \/>\n\t<meta name=\"twitter:data1\" content=\"3 minutes\" \/>\n<script type=\"application\/ld+json\" class=\"yoast-schema-graph\">{\"@context\":\"https:\\\/\\\/schema.org\",\"@graph\":[{\"@type\":\"WebPage\",\"@id\":\"https:\\\/\\\/hikavisual.es\\\/politica-de-cookies\\\/\",\"url\":\"https:\\\/\\\/hikavisual.es\\\/politica-de-cookies\\\/\",\"name\":\"Pol\u00edtica de Cookies - Hikavisual\",\"isPartOf\":{\"@id\":\"https:\\\/\\\/hikavisual.es\\\/#website\"},\"datePublished\":\"2024-05-21T20:05:00+00:00\",\"dateModified\":\"2024-05-21T20:45:44+00:00\",\"breadcrumb\":{\"@id\":\"https:\\\/\\\/hikavisual.es\\\/politica-de-cookies\\\/#breadcrumb\"},\"inLanguage\":\"en-GB\",\"potentialAction\":[{\"@type\":\"ReadAction\",\"target\":[\"https:\\\/\\\/hikavisual.es\\\/politica-de-cookies\\\/\"]}]},{\"@type\":\"BreadcrumbList\",\"@id\":\"https:\\\/\\\/hikavisual.es\\\/politica-de-cookies\\\/#breadcrumb\",\"itemListElement\":[{\"@type\":\"ListItem\",\"position\":1,\"name\":\"Portada\",\"item\":\"https:\\\/\\\/hikavisual.es\\\/\"},{\"@type\":\"ListItem\",\"position\":2,\"name\":\"Pol\u00edtica de Cookies\"}]},{\"@type\":\"WebSite\",\"@id\":\"https:\\\/\\\/hikavisual.es\\\/#website\",\"url\":\"https:\\\/\\\/hikavisual.es\\\/\",\"name\":\"Hikavisual\",\"description\":\"Fotografia y Video Profesional en Sevilla\",\"potentialAction\":[{\"@type\":\"SearchAction\",\"target\":{\"@type\":\"EntryPoint\",\"urlTemplate\":\"https:\\\/\\\/hikavisual.es\\\/?s={search_term_string}\"},\"query-input\":{\"@type\":\"PropertyValueSpecification\",\"valueRequired\":true,\"valueName\":\"search_term_string\"}}],\"inLanguage\":\"en-GB\"}]}<\/script>\n<!-- \/ Yoast SEO plugin. -->","yoast_head_json":{"title":"Pol\u00edtica de Cookies - Hikavisual","robots":{"index":"index","follow":"follow","max-snippet":"max-snippet:-1","max-image-preview":"max-image-preview:large","max-video-preview":"max-video-preview:-1"},"canonical":"https:\/\/hikavisual.es\/en\/politica-de-cookies\/","og_locale":"en_GB","og_type":"article","og_title":"Pol\u00edtica de Cookies - Hikavisual","og_description":"Esta Pol\u00edtica de Cookies explica qu\u00e9 son las cookies y c\u00f3mo Hika Visual (\u00abnosotros\u00bb, \u00abnuestro\u00bb o \u00abnuestra\u00bb) las...","og_url":"https:\/\/hikavisual.es\/en\/politica-de-cookies\/","og_site_name":"Hikavisual","article_modified_time":"2024-05-21T20:45:44+00:00","twitter_card":"summary_large_image","twitter_misc":{"Estimated reading time":"3 minutes"},"schema":{"@context":"https:\/\/schema.org","@graph":[{"@type":"WebPage","@id":"https:\/\/hikavisual.es\/politica-de-cookies\/","url":"https:\/\/hikavisual.es\/politica-de-cookies\/","name":"Pol\u00edtica de Cookies - Hikavisual","isPartOf":{"@id":"https:\/\/hikavisual.es\/#website"},"datePublished":"2024-05-21T20:05:00+00:00","dateModified":"2024-05-21T20:45:44+00:00","breadcrumb":{"@id":"https:\/\/hikavisual.es\/politica-de-cookies\/#breadcrumb"},"inLanguage":"en-GB","potentialAction":[{"@type":"ReadAction","target":["https:\/\/hikavisual.es\/politica-de-cookies\/"]}]},{"@type":"BreadcrumbList","@id":"https:\/\/hikavisual.es\/politica-de-cookies\/#breadcrumb","itemListElement":[{"@type":"ListItem","position":1,"name":"Portada","item":"https:\/\/hikavisual.es\/"},{"@type":"ListItem","position":2,"name":"Pol\u00edtica de Cookies"}]},{"@type":"WebSite","@id":"https:\/\/hikavisual.es\/#website","url":"https:\/\/hikavisual.es\/","name":"Hikavisual","description":"Fotografia y Video Profesional en Sevilla","potentialAction":[{"@type":"SearchAction","target":{"@type":"EntryPoint","urlTemplate":"https:\/\/hikavisual.es\/?s={search_term_string}"},"query-input":{"@type":"PropertyValueSpecification","valueRequired":true,"valueName":"search_term_string"}}],"inLanguage":"en-GB"}]}},"_links":{"self":[{"href":"https:\/\/hikavisual.es\/en\/wp-json\/wp\/v2\/pages\/30094","targetHints":{"allow":["GET"]}}],"collection":[{"href":"https:\/\/hikavisual.es\/en\/wp-json\/wp\/v2\/pages"}],"about":[{"href":"https:\/\/hikavisual.es\/en\/wp-json\/wp\/v2\/types\/page"}],"author":[{"embeddable":true,"href":"https:\/\/hikavisual.es\/en\/wp-json\/wp\/v2\/users\/2"}],"replies":[{"embeddable":true,"href":"https:\/\/hikavisual.es\/en\/wp-json\/wp\/v2\/comments?post=30094"}],"version-history":[{"count":2,"href":"https:\/\/hikavisual.es\/en\/wp-json\/wp\/v2\/pages\/30094\/revisions"}],"predecessor-version":[{"id":30097,"href":"https:\/\/hikavisual.es\/en\/wp-json\/wp\/v2\/pages\/30094\/revisions\/30097"}],"wp:attachment":[{"href":"https:\/\/hikavisual.es\/en\/wp-json\/wp\/v2\/media?parent=30094"}],"curies":[{"name":"wp","href":"https:\/\/api.w.org\/{rel}","templated":true}]}}